{"id":27,"date":"2026-03-25T14:26:12","date_gmt":"2026-03-25T13:26:12","guid":{"rendered":"https:\/\/blog3.csmac-ngo.org\/?page_id=27"},"modified":"2026-03-25T16:10:02","modified_gmt":"2026-03-25T15:10:02","slug":"nous-rejoindre","status":"publish","type":"page","link":"https:\/\/blog3.csmac-ngo.org\/?page_id=27","title":{"rendered":"Nous rejoindre"},"content":{"rendered":"\n<h2 class=\"wp-block-heading\">Restez inform\u00e9s de nos \u00e9venements<\/h2>\n\n\n<div class=\"forminator-ui forminator-custom-form forminator-custom-form-67 forminator-design--default  forminator_ajax\" data-forminator-render=\"0\" data-form=\"forminator-module-67\" data-uid=\"69dfe47296f96\"><br\/><\/div><form\n\t\t\t\tid=\"forminator-module-67\"\n\t\t\t\tclass=\"forminator-ui forminator-custom-form forminator-custom-form-67 forminator-design--default  forminator_ajax\"\n\t\t\t\tmethod=\"post\"\n\t\t\t\tdata-forminator-render=\"0\"\n\t\t\t\tdata-form-id=\"67\"\n\t\t\t\t data-color-option=\"theme\" data-design=\"default\" data-grid=\"open\" style=\"display: none;\"\n\t\t\t\tdata-uid=\"69dfe47296f96\"\n\t\t\t><div role=\"alert\" aria-live=\"polite\" class=\"forminator-response-message forminator-error\" aria-hidden=\"true\"><\/div><div class=\"forminator-row\"><div id=\"name-1\" class=\"forminator-field-name forminator-col forminator-col-12 \"><div class=\"forminator-field\"><label for=\"forminator-field-name-1_69dfe47296f96\" id=\"forminator-field-name-1_69dfe47296f96-label\" class=\"forminator-label\">Pr\u00e9nom <span class=\"forminator-required\">*<\/span><\/label><input type=\"text\" name=\"name-1\" value=\"\" placeholder=\"\" id=\"forminator-field-name-1_69dfe47296f96\" class=\"forminator-input forminator-name--field\" aria-required=\"true\" autocomplete=\"name\" \/><\/div><\/div><\/div><div class=\"forminator-row\"><div id=\"name-2\" class=\"forminator-field-name forminator-col forminator-col-12 \"><div class=\"forminator-field\"><label for=\"forminator-field-name-2_69dfe47296f96\" id=\"forminator-field-name-2_69dfe47296f96-label\" class=\"forminator-label\">Nom<\/label><input type=\"text\" name=\"name-2\" value=\"\" placeholder=\"\" id=\"forminator-field-name-2_69dfe47296f96\" class=\"forminator-input forminator-name--field\" aria-required=\"false\" autocomplete=\"name\" \/><\/div><\/div><\/div><div class=\"forminator-row\"><div id=\"email-1\" class=\"forminator-field-email forminator-col forminator-col-12 \"><div class=\"forminator-field\"><label for=\"forminator-field-email-1_69dfe47296f96\" id=\"forminator-field-email-1_69dfe47296f96-label\" class=\"forminator-label\">Adresse de messagerie <span class=\"forminator-required\">*<\/span><\/label><input type=\"email\" name=\"email-1\" value=\"\" placeholder=\"\" id=\"forminator-field-email-1_69dfe47296f96\" class=\"forminator-input forminator-email--field\" data-required=\"true\" aria-required=\"true\" autocomplete=\"email\" \/><\/div><\/div><\/div><div class=\"forminator-row\"><div id=\"consent-1\" class=\"forminator-field-consent forminator-col forminator-col-12 \"><div class=\"forminator-field\"><label for=\"forminator-field-consent-1_69dfe47296f96\" id=\"forminator-field-consent-1_69dfe47296f96-label\" class=\"forminator-label\">Consent <span class=\"forminator-required\">*<\/span><\/label><div class=\"forminator-checkbox__wrapper\"><label id=\"forminator-field-consent-1_69dfe47296f96__label\" class=\"forminator-checkbox forminator-consent\" aria-labelledby=\"forminator-field-consent-1_69dfe47296f96-label\"><input type=\"checkbox\" name=\"consent-1\" id=\"forminator-field-consent-1_69dfe47296f96\" value=\"checked\" aria-labelledby=\"forminator-field-consent-1_69dfe47296f96-label\" aria-describedby=\"forminator-field-consent-1_69dfe47296f96__description\" data-required=\"true\" aria-required=\"true\" \/><span class=\"forminator-checkbox-box\" aria-hidden=\"true\"><\/span><\/label><div id=\"forminator-field-consent-1_69dfe47296f96__description\" class=\"forminator-checkbox__label forminator-consent__label\"><p>En renseignant votre adresse e-mail, vous acceptez de recevoir notre newsletter. Vous pouvez vous d\u00e9sinscrire \u00e0 tout moment via le lien pr\u00e9sent dans nos e-mails. Vos donn\u00e9es sont trait\u00e9es conform\u00e9ment \u00e0 notre politique de confidentialit\u00e9.<\/p><\/div><\/div><\/div><\/div><\/div><input type=\"hidden\" name=\"referer_url\" value=\"\" \/><div class=\"forminator-row forminator-row-last\"><div class=\"forminator-col\"><div class=\"forminator-field\"><button class=\"forminator-button forminator-button-submit\">Envoyer<\/button><\/div><\/div><\/div><input type=\"hidden\" id=\"forminator_nonce\" name=\"forminator_nonce\" value=\"55c01d5bb6\" \/><input type=\"hidden\" name=\"_wp_http_referer\" value=\"\/index.php?rest_route=%2Fwp%2Fv2%2Fpages%2F27\" \/><input type=\"hidden\" name=\"form_id\" value=\"67\"><input type=\"hidden\" name=\"page_id\" value=\"27\"><input type=\"hidden\" name=\"form_type\" value=\"default\"><input type=\"hidden\" name=\"current_url\" value=\"https:\/\/blog3.csmac-ngo.org\/?page_id=27\"><input type=\"hidden\" name=\"render_id\" value=\"0\"><input type=\"hidden\" name=\"action\" value=\"forminator_submit_form_custom-forms\"><\/form>\n\n\n\n<p><\/p>\n","protected":false},"excerpt":{"rendered":"<p>Restez inform\u00e9s de nos \u00e9venements<\/p>\n","protected":false},"author":1,"featured_media":0,"parent":0,"menu_order":0,"comment_status":"closed","ping_status":"closed","template":"","meta":{"_uag_custom_page_level_css":"","site-sidebar-layout":"default","site-content-layout":"","ast-site-content-layout":"default","site-content-style":"default","site-sidebar-style":"default","ast-global-header-display":"","ast-banner-title-visibility":"","ast-main-header-display":"","ast-hfb-above-header-display":"","ast-hfb-below-header-display":"","ast-hfb-mobile-header-display":"","site-post-title":"","ast-breadcrumbs-content":"","ast-featured-img":"","footer-sml-layout":"","ast-disable-related-posts":"","theme-transparent-header-meta":"","adv-header-id-meta":"","stick-header-meta":"","header-above-stick-meta":"","header-main-stick-meta":"","header-below-stick-meta":"","astra-migrate-meta-layouts":"default","ast-page-background-enabled":"default","ast-page-background-meta":{"desktop":{"background-color":"var(--ast-global-color-5)","background-image":"","background-repeat":"repeat","background-position":"center center","background-size":"auto","background-attachment":"scroll","background-type":"","background-media":"","overlay-type":"","overlay-color":"","overlay-opacity":"","overlay-gradient":""},"tablet":{"background-color":"","background-image":"","background-repeat":"repeat","background-position":"center center","background-size":"auto","background-attachment":"scroll","background-type":"","background-media":"","overlay-type":"","overlay-color":"","overlay-opacity":"","overlay-gradient":""},"mobile":{"background-color":"","background-image":"","background-repeat":"repeat","background-position":"center center","background-size":"auto","background-attachment":"scroll","background-type":"","background-media":"","overlay-type":"","overlay-color":"","overlay-opacity":"","overlay-gradient":""}},"ast-content-background-meta":{"desktop":{"background-color":"var(--ast-global-color-4)","background-image":"","background-repeat":"repeat","background-position":"center center","background-size":"auto","background-attachment":"scroll","background-type":"","background-media":"","overlay-type":"","overlay-color":"","overlay-opacity":"","overlay-gradient":""},"tablet":{"background-color":"var(--ast-global-color-4)","background-image":"","background-repeat":"repeat","background-position":"center center","background-size":"auto","background-attachment":"scroll","background-type":"","background-media":"","overlay-type":"","overlay-color":"","overlay-opacity":"","overlay-gradient":""},"mobile":{"background-color":"var(--ast-global-color-4)","background-image":"","background-repeat":"repeat","background-position":"center center","background-size":"auto","background-attachment":"scroll","background-type":"","background-media":"","overlay-type":"","overlay-color":"","overlay-opacity":"","overlay-gradient":""}},"footnotes":""},"class_list":["post-27","page","type-page","status-publish","hentry"],"yoast_head":"<!-- This site is optimized with the Yoast SEO plugin v26.8 - https:\/\/yoast.com\/product\/yoast-seo-wordpress\/ -->\n<title>Nous rejoindre - V\u00e9lo et Territoire<\/title>\n<meta name=\"robots\" content=\"index, follow, max-snippet:-1, max-image-preview:large, max-video-preview:-1\" \/>\n<link rel=\"canonical\" href=\"https:\/\/blog3.csmac-ngo.org\/?page_id=27\" \/>\n<meta property=\"og:locale\" content=\"fr_FR\" \/>\n<meta property=\"og:type\" content=\"article\" \/>\n<meta property=\"og:title\" content=\"Nous rejoindre - V\u00e9lo et Territoire\" \/>\n<meta property=\"og:description\" content=\"Restez inform\u00e9s de nos \u00e9venements\" \/>\n<meta property=\"og:url\" content=\"https:\/\/blog3.csmac-ngo.org\/?page_id=27\" \/>\n<meta property=\"og:site_name\" content=\"V\u00e9lo et Territoire\" \/>\n<meta property=\"article:modified_time\" content=\"2026-03-25T15:10:02+00:00\" \/>\n<meta name=\"twitter:card\" content=\"summary_large_image\" \/>\n<script type=\"application\/ld+json\" class=\"yoast-schema-graph\">{\"@context\":\"https:\/\/schema.org\",\"@graph\":[{\"@type\":\"WebPage\",\"@id\":\"https:\/\/blog3.csmac-ngo.org\/?page_id=27\",\"url\":\"https:\/\/blog3.csmac-ngo.org\/?page_id=27\",\"name\":\"Nous rejoindre - V\u00e9lo et Territoire\",\"isPartOf\":{\"@id\":\"https:\/\/blog3.csmac-ngo.org\/#website\"},\"datePublished\":\"2026-03-25T13:26:12+00:00\",\"dateModified\":\"2026-03-25T15:10:02+00:00\",\"breadcrumb\":{\"@id\":\"https:\/\/blog3.csmac-ngo.org\/?page_id=27#breadcrumb\"},\"inLanguage\":\"fr-FR\",\"potentialAction\":[{\"@type\":\"ReadAction\",\"target\":[\"https:\/\/blog3.csmac-ngo.org\/?page_id=27\"]}]},{\"@type\":\"BreadcrumbList\",\"@id\":\"https:\/\/blog3.csmac-ngo.org\/?page_id=27#breadcrumb\",\"itemListElement\":[{\"@type\":\"ListItem\",\"position\":1,\"name\":\"Accueil\",\"item\":\"https:\/\/blog3.csmac-ngo.org\/\"},{\"@type\":\"ListItem\",\"position\":2,\"name\":\"Nous rejoindre\"}]},{\"@type\":\"WebSite\",\"@id\":\"https:\/\/blog3.csmac-ngo.org\/#website\",\"url\":\"https:\/\/blog3.csmac-ngo.org\/\",\"name\":\"V\u00e9lo et Territoire\",\"description\":\"Randonn\u00e9s et \u00e9v\u00e8nements cyclistes en Mayenne\",\"publisher\":{\"@id\":\"https:\/\/blog3.csmac-ngo.org\/#organization\"},\"potentialAction\":[{\"@type\":\"SearchAction\",\"target\":{\"@type\":\"EntryPoint\",\"urlTemplate\":\"https:\/\/blog3.csmac-ngo.org\/?s={search_term_string}\"},\"query-input\":{\"@type\":\"PropertyValueSpecification\",\"valueRequired\":true,\"valueName\":\"search_term_string\"}}],\"inLanguage\":\"fr-FR\"},{\"@type\":\"Organization\",\"@id\":\"https:\/\/blog3.csmac-ngo.org\/#organization\",\"name\":\"V\u00e9lo et Territoire\",\"url\":\"https:\/\/blog3.csmac-ngo.org\/\",\"logo\":{\"@type\":\"ImageObject\",\"inLanguage\":\"fr-FR\",\"@id\":\"https:\/\/blog3.csmac-ngo.org\/#\/schema\/logo\/image\/\",\"url\":\"https:\/\/blog3.csmac-ngo.org\/wp-content\/uploads\/2026\/03\/Exo1-favicon-velo.png\",\"contentUrl\":\"https:\/\/blog3.csmac-ngo.org\/wp-content\/uploads\/2026\/03\/Exo1-favicon-velo.png\",\"width\":225,\"height\":225,\"caption\":\"V\u00e9lo et Territoire\"},\"image\":{\"@id\":\"https:\/\/blog3.csmac-ngo.org\/#\/schema\/logo\/image\/\"}}]}<\/script>\n<!-- \/ Yoast SEO plugin. -->","yoast_head_json":{"title":"Nous rejoindre - V\u00e9lo et Territoire","robots":{"index":"index","follow":"follow","max-snippet":"max-snippet:-1","max-image-preview":"max-image-preview:large","max-video-preview":"max-video-preview:-1"},"canonical":"https:\/\/blog3.csmac-ngo.org\/?page_id=27","og_locale":"fr_FR","og_type":"article","og_title":"Nous rejoindre - V\u00e9lo et Territoire","og_description":"Restez inform\u00e9s de nos \u00e9venements","og_url":"https:\/\/blog3.csmac-ngo.org\/?page_id=27","og_site_name":"V\u00e9lo et Territoire","article_modified_time":"2026-03-25T15:10:02+00:00","twitter_card":"summary_large_image","schema":{"@context":"https:\/\/schema.org","@graph":[{"@type":"WebPage","@id":"https:\/\/blog3.csmac-ngo.org\/?page_id=27","url":"https:\/\/blog3.csmac-ngo.org\/?page_id=27","name":"Nous rejoindre - V\u00e9lo et Territoire","isPartOf":{"@id":"https:\/\/blog3.csmac-ngo.org\/#website"},"datePublished":"2026-03-25T13:26:12+00:00","dateModified":"2026-03-25T15:10:02+00:00","breadcrumb":{"@id":"https:\/\/blog3.csmac-ngo.org\/?page_id=27#breadcrumb"},"inLanguage":"fr-FR","potentialAction":[{"@type":"ReadAction","target":["https:\/\/blog3.csmac-ngo.org\/?page_id=27"]}]},{"@type":"BreadcrumbList","@id":"https:\/\/blog3.csmac-ngo.org\/?page_id=27#breadcrumb","itemListElement":[{"@type":"ListItem","position":1,"name":"Accueil","item":"https:\/\/blog3.csmac-ngo.org\/"},{"@type":"ListItem","position":2,"name":"Nous rejoindre"}]},{"@type":"WebSite","@id":"https:\/\/blog3.csmac-ngo.org\/#website","url":"https:\/\/blog3.csmac-ngo.org\/","name":"V\u00e9lo et Territoire","description":"Randonn\u00e9s et \u00e9v\u00e8nements cyclistes en Mayenne","publisher":{"@id":"https:\/\/blog3.csmac-ngo.org\/#organization"},"potentialAction":[{"@type":"SearchAction","target":{"@type":"EntryPoint","urlTemplate":"https:\/\/blog3.csmac-ngo.org\/?s={search_term_string}"},"query-input":{"@type":"PropertyValueSpecification","valueRequired":true,"valueName":"search_term_string"}}],"inLanguage":"fr-FR"},{"@type":"Organization","@id":"https:\/\/blog3.csmac-ngo.org\/#organization","name":"V\u00e9lo et Territoire","url":"https:\/\/blog3.csmac-ngo.org\/","logo":{"@type":"ImageObject","inLanguage":"fr-FR","@id":"https:\/\/blog3.csmac-ngo.org\/#\/schema\/logo\/image\/","url":"https:\/\/blog3.csmac-ngo.org\/wp-content\/uploads\/2026\/03\/Exo1-favicon-velo.png","contentUrl":"https:\/\/blog3.csmac-ngo.org\/wp-content\/uploads\/2026\/03\/Exo1-favicon-velo.png","width":225,"height":225,"caption":"V\u00e9lo et Territoire"},"image":{"@id":"https:\/\/blog3.csmac-ngo.org\/#\/schema\/logo\/image\/"}}]}},"uagb_featured_image_src":{"full":false,"thumbnail":false,"medium":false,"medium_large":false,"large":false,"1536x1536":false,"2048x2048":false},"uagb_author_info":{"display_name":"A@dmin53","author_link":"https:\/\/blog3.csmac-ngo.org\/?author=1"},"uagb_comment_info":0,"uagb_excerpt":"Restez inform\u00e9s de nos \u00e9venements","_links":{"self":[{"href":"https:\/\/blog3.csmac-ngo.org\/index.php?rest_route=\/wp\/v2\/pages\/27","targetHints":{"allow":["GET"]}}],"collection":[{"href":"https:\/\/blog3.csmac-ngo.org\/index.php?rest_route=\/wp\/v2\/pages"}],"about":[{"href":"https:\/\/blog3.csmac-ngo.org\/index.php?rest_route=\/wp\/v2\/types\/page"}],"author":[{"embeddable":true,"href":"https:\/\/blog3.csmac-ngo.org\/index.php?rest_route=\/wp\/v2\/users\/1"}],"replies":[{"embeddable":true,"href":"https:\/\/blog3.csmac-ngo.org\/index.php?rest_route=%2Fwp%2Fv2%2Fcomments&post=27"}],"version-history":[{"count":3,"href":"https:\/\/blog3.csmac-ngo.org\/index.php?rest_route=\/wp\/v2\/pages\/27\/revisions"}],"predecessor-version":[{"id":71,"href":"https:\/\/blog3.csmac-ngo.org\/index.php?rest_route=\/wp\/v2\/pages\/27\/revisions\/71"}],"wp:attachment":[{"href":"https:\/\/blog3.csmac-ngo.org\/index.php?rest_route=%2Fwp%2Fv2%2Fmedia&parent=27"}],"curies":[{"name":"wp","href":"https:\/\/api.w.org\/{rel}","templated":true}]}}